{"id":73,"date":"2023-03-07T11:14:04","date_gmt":"2023-03-07T10:14:04","guid":{"rendered":"https:\/\/genauso.uber.space\/?page_id=73"},"modified":"2023-03-09T08:47:33","modified_gmt":"2023-03-09T07:47:33","slug":"das-neue-museum-oeffnet-seine-tueren-2","status":"publish","type":"page","link":"https:\/\/genauso.uber.space\/","title":{"rendered":"Wir bauen ein&#8230;"},"content":{"rendered":"\n<div class=\"wp-block-group alignwide\"><div class=\"wp-block-group__inner-container is-layout-flow wp-block-group-is-layout-flow\">\n<h1 class=\"has-text-align-center wp-block-heading\"> <\/h1>\n\n\n\n<figure class=\"wp-block-image size-full\"><img loading=\"lazy\" decoding=\"async\" width=\"710\" height=\"669\" src=\"https:\/\/genauso.uber.space\/wp-content\/uploads\/2023\/03\/Haus-des-Lebens.gif\" alt=\"\" class=\"wp-image-115\"\/><\/figure>\n<\/div><\/div>\n\n\n\n<div class=\"wp-block-columns alignwide is-layout-flex wp-container-core-columns-is-layout-9d6595d7 wp-block-columns-is-layout-flex\">\n<div class=\"wp-block-column is-layout-flow wp-block-column-is-layout-flow\">\n<div class=\"wp-block-group\"><div class=\"wp-block-group__inner-container is-layout-flow wp-block-group-is-layout-flow\">\n<figure class=\"wp-block-image alignfull size-large\"><img loading=\"lazy\" decoding=\"async\" width=\"768\" height=\"1024\" src=\"https:\/\/genauso.uber.space\/wp-content\/uploads\/2023\/03\/Wohnzimmerkonzert-im-Haus-des-Lebens_Foto-Wolsza-768x1024.jpg\" alt=\"\" class=\"wp-image-106\" srcset=\"https:\/\/genauso.uber.space\/wp-content\/uploads\/2023\/03\/Wohnzimmerkonzert-im-Haus-des-Lebens_Foto-Wolsza-768x1024.jpg 768w, https:\/\/genauso.uber.space\/wp-content\/uploads\/2023\/03\/Wohnzimmerkonzert-im-Haus-des-Lebens_Foto-Wolsza-225x300.jpg 225w, https:\/\/genauso.uber.space\/wp-content\/uploads\/2023\/03\/Wohnzimmerkonzert-im-Haus-des-Lebens_Foto-Wolsza-1152x1536.jpg 1152w, https:\/\/genauso.uber.space\/wp-content\/uploads\/2023\/03\/Wohnzimmerkonzert-im-Haus-des-Lebens_Foto-Wolsza-1536x2048.jpg 1536w, https:\/\/genauso.uber.space\/wp-content\/uploads\/2023\/03\/Wohnzimmerkonzert-im-Haus-des-Lebens_Foto-Wolsza-1200x1600.jpg 1200w, https:\/\/genauso.uber.space\/wp-content\/uploads\/2023\/03\/Wohnzimmerkonzert-im-Haus-des-Lebens_Foto-Wolsza-1980x2640.jpg 1980w, https:\/\/genauso.uber.space\/wp-content\/uploads\/2023\/03\/Wohnzimmerkonzert-im-Haus-des-Lebens_Foto-Wolsza-scaled.jpg 1920w\" sizes=\"auto, (max-width: 768px) 100vw, 768px\" \/><\/figure>\n\n\n\n<h3 class=\"wp-block-heading\">Wohnzimmerkonzerte<\/h3>\n\n\n\n<p>Viermal im Jahr: K\u00fcnstler und Publikum begegnen sich&#8230;<\/p>\n\n\n\n<div class=\"wp-block-button is-style-outline is-style-outline--1\"><a class=\"wp-block-button__link wp-element-button\" href=\"https:\/\/make.wordpress.org\/core\/2019\/09\/27\/block-editor-theme-related-updates-in-wordpress-5-3\/\">Weiterlesen<\/a><\/div>\n<\/div><\/div>\n\n\n\n<div class=\"wp-block-group\"><div class=\"wp-block-group__inner-container is-layout-flow wp-block-group-is-layout-flow\">\n<figure class=\"wp-block-image alignfull size-large\"><img loading=\"lazy\" decoding=\"async\" width=\"768\" height=\"1024\" src=\"https:\/\/genauso.uber.space\/wp-content\/uploads\/2023\/03\/IMG_20220205_125534-768x1024.jpg\" alt=\"\" class=\"wp-image-108\" srcset=\"https:\/\/genauso.uber.space\/wp-content\/uploads\/2023\/03\/IMG_20220205_125534-768x1024.jpg 768w, https:\/\/genauso.uber.space\/wp-content\/uploads\/2023\/03\/IMG_20220205_125534-225x300.jpg 225w, https:\/\/genauso.uber.space\/wp-content\/uploads\/2023\/03\/IMG_20220205_125534-1152x1536.jpg 1152w, https:\/\/genauso.uber.space\/wp-content\/uploads\/2023\/03\/IMG_20220205_125534-1536x2048.jpg 1536w, https:\/\/genauso.uber.space\/wp-content\/uploads\/2023\/03\/IMG_20220205_125534-1200x1600.jpg 1200w, https:\/\/genauso.uber.space\/wp-content\/uploads\/2023\/03\/IMG_20220205_125534-1980x2640.jpg 1980w, https:\/\/genauso.uber.space\/wp-content\/uploads\/2023\/03\/IMG_20220205_125534-scaled.jpg 1920w\" sizes=\"auto, (max-width: 768px) 100vw, 768px\" \/><\/figure>\n\n\n\n<h3 class=\"wp-block-heading\">Caf\u00e9 Momo<\/h3>\n\n\n\n<p>Vielleicht Mittwoch und Sonntag 14 bis 18 Uhr: Wir wollen unser Caf\u00e9 er\u00f6ffnen. So ein Caf\u00e9, wo immer jemand da ist. Das ist uns das Wichtigste. Kaffee und Kuchen gibt es auch. Begegnung aber ist unser gr\u00f6\u00dfter Wunsch.<\/p>\n\n\n\n<div class=\"wp-block-button is-style-outline is-style-outline--2\"><a class=\"wp-block-button__link wp-element-button\" href=\"https:\/\/make.wordpress.org\/core\/2019\/09\/27\/block-editor-theme-related-updates-in-wordpress-5-3\/\">Weiterlesen<\/a><\/div>\n<\/div><\/div>\n<\/div>\n\n\n\n<div class=\"wp-block-column is-layout-flow wp-block-column-is-layout-flow\">\n<div class=\"wp-block-group\"><div class=\"wp-block-group__inner-container is-layout-flow wp-block-group-is-layout-flow\">\n<figure class=\"wp-block-image alignfull size-large\"><img loading=\"lazy\" decoding=\"async\" width=\"768\" height=\"1024\" src=\"https:\/\/genauso.uber.space\/wp-content\/uploads\/2023\/03\/IMG_20211110_145636-768x1024.jpg\" alt=\"\" class=\"wp-image-104\" srcset=\"https:\/\/genauso.uber.space\/wp-content\/uploads\/2023\/03\/IMG_20211110_145636-768x1024.jpg 768w, https:\/\/genauso.uber.space\/wp-content\/uploads\/2023\/03\/IMG_20211110_145636-225x300.jpg 225w, https:\/\/genauso.uber.space\/wp-content\/uploads\/2023\/03\/IMG_20211110_145636-1152x1536.jpg 1152w, https:\/\/genauso.uber.space\/wp-content\/uploads\/2023\/03\/IMG_20211110_145636-1536x2048.jpg 1536w, https:\/\/genauso.uber.space\/wp-content\/uploads\/2023\/03\/IMG_20211110_145636-1200x1600.jpg 1200w, https:\/\/genauso.uber.space\/wp-content\/uploads\/2023\/03\/IMG_20211110_145636-1980x2640.jpg 1980w, https:\/\/genauso.uber.space\/wp-content\/uploads\/2023\/03\/IMG_20211110_145636-scaled.jpg 1920w\" sizes=\"auto, (max-width: 768px) 100vw, 768px\" \/><\/figure>\n\n\n\n<h3 class=\"wp-block-heading\">Gemeinsam Filme sehen und Nudeln essen: Kino Fusilli<\/h3>\n\n\n\n<p>Jeden zweiten Mittwoch im Monat 16-19 Uhr<\/p>\n\n\n\n<div class=\"wp-block-button is-style-outline is-style-outline--3\"><a class=\"wp-block-button__link wp-element-button\" href=\"https:\/\/make.wordpress.org\/core\/2019\/09\/27\/block-editor-theme-related-updates-in-wordpress-5-3\/\">Weiterlesen<\/a><\/div>\n<\/div><\/div>\n\n\n\n<div class=\"wp-block-group\"><div class=\"wp-block-group__inner-container is-layout-flow wp-block-group-is-layout-flow\">\n<figure class=\"wp-block-image alignfull size-large\"><img loading=\"lazy\" decoding=\"async\" width=\"1024\" height=\"576\" src=\"https:\/\/genauso.uber.space\/wp-content\/uploads\/2023\/03\/Alpaka-6-1024x576.jpg\" alt=\"\" class=\"wp-image-111\" srcset=\"https:\/\/genauso.uber.space\/wp-content\/uploads\/2023\/03\/Alpaka-6-1024x576.jpg 1024w, https:\/\/genauso.uber.space\/wp-content\/uploads\/2023\/03\/Alpaka-6-300x169.jpg 300w, https:\/\/genauso.uber.space\/wp-content\/uploads\/2023\/03\/Alpaka-6-768x432.jpg 768w, https:\/\/genauso.uber.space\/wp-content\/uploads\/2023\/03\/Alpaka-6-1536x864.jpg 1536w, https:\/\/genauso.uber.space\/wp-content\/uploads\/2023\/03\/Alpaka-6-1200x675.jpg 1200w, https:\/\/genauso.uber.space\/wp-content\/uploads\/2023\/03\/Alpaka-6.jpg 1920w\" sizes=\"auto, (max-width: 1024px) 100vw, 1024px\" \/><\/figure>\n\n\n\n<h3 class=\"wp-block-heading\">Paradiesgarten<\/h3>\n\n\n\n<p>Unser Garten ist offen f\u00fcr alle: Alpakas und Schafe, Touristen und Einheimische, Gro\u00dfe und Kleine, Blumen und Schmetterlinge&#8230;schaut mal rein! Legt euch in eine H\u00e4ngematte oder setzt euch in einen Strandkorb oder auf unseren Qigong-Stuhl und macht ein paar \u00dcbungen&#8230;ein freier Garten f\u00fcr Alle, das ist unser Paradies-auf-Erden-Garten.<\/p>\n\n\n\n<div class=\"wp-block-button is-style-outline is-style-outline--4\"><a class=\"wp-block-button__link wp-element-button\" href=\"https:\/\/make.wordpress.org\/core\/2019\/09\/27\/block-editor-theme-related-updates-in-wordpress-5-3\/\">Weiterlesen<\/a><\/div>\n<\/div><\/div>\n<\/div>\n<\/div>\n\n\n\n<p><\/p>\n\n\n\n<div class=\"wp-block-group alignwide has-background\" style=\"background-color:#ffffff\"><div class=\"wp-block-group__inner-container is-layout-flow wp-block-group-is-layout-flow\">\n<div class=\"wp-block-group\"><div class=\"wp-block-group__inner-container is-layout-flow wp-block-group-is-layout-flow\">\n<h2 class=\"has-text-align-center wp-block-heading\">Werde Mitglied, wenn du willst<\/h2>\n\n\n\n<p class=\"has-text-align-center\">Hier geht noch nichts&#8230;wir \u00fcberlegen noch, wie wir galant Menschen finden, die in unseren Verein eintreten und mit ihren Ideen, ihrer Zeit und ihrem Geld unser Haus aufbauen&#8230;denn nur von Luft und Liebe k\u00f6nnen auch wir nicht f\u00fcr andere Menschen wirken&#8230;<\/p>\n\n\n\n<div class=\"wp-block-button aligncenter\"><a class=\"wp-block-button__link wp-element-button\" href=\"https:\/\/make.wordpress.org\/core\/2019\/09\/27\/block-editor-theme-related-updates-in-wordpress-5-3\/\">Mitglied werden<\/a><\/div>\n<\/div><\/div>\n<\/div><\/div>\n\n\n\n<figure class=\"wp-block-gallery alignwide has-nested-images columns-default is-cropped wp-block-gallery-5 is-layout-flex wp-block-gallery-is-layout-flex\"><\/figure>\n\n\n\n<p><\/p>\n\n\n\n<h2 class=\"wp-block-heading\"><\/h2>\n\n\n\n<h2 class=\"wp-block-heading\"><\/h2>\n\n\n\n<h2 class=\"wp-block-heading\"><\/h2>\n\n\n\n<h2 class=\"wp-block-heading\"><\/h2>\n\n\n\n<h2 class=\"wp-block-heading\"><\/h2>\n\n\n\n<h2 class=\"wp-block-heading\"><\/h2>\n\n\n\n<p><\/p>\n\n\n\n<p><\/p>\n\n\n\n<h2 class=\"wp-block-heading\"><\/h2>\n\n\n\n<blockquote class=\"wp-block-quote is-layout-flow wp-block-quote-is-layout-flow\">\n<h2 class=\"wp-block-heading\"><\/h2>\n\n\n\n<figure class=\"wp-block-image size-full\"><img loading=\"lazy\" decoding=\"async\" width=\"590\" height=\"525\" src=\"https:\/\/genauso.uber.space\/wp-content\/uploads\/2023\/03\/01-25152-lagerfeuer_-1.jpg\" alt=\"\" class=\"wp-image-151\" srcset=\"https:\/\/genauso.uber.space\/wp-content\/uploads\/2023\/03\/01-25152-lagerfeuer_-1.jpg 590w, https:\/\/genauso.uber.space\/wp-content\/uploads\/2023\/03\/01-25152-lagerfeuer_-1-300x267.jpg 300w\" sizes=\"auto, (max-width: 590px) 100vw, 590px\" \/><figcaption class=\"wp-element-caption\">Lagerfeuerromantik im Paradiesgarten<\/figcaption><\/figure>\n\n\n\n\n\n<div class=\"wp-block-media-text alignwide is-stacked-on-mobile\"><figure class=\"wp-block-media-text__media\"><\/figure><div class=\"wp-block-media-text__content\">\n<p><\/p>\n<\/div><\/div>\n<\/blockquote>\n","protected":false},"excerpt":{"rendered":"<p>Wohnzimmerkonzerte Viermal im Jahr: K\u00fcnstler und Publikum begegnen sich&#8230; Caf\u00e9 Momo Vielleicht Mittwoch und Sonntag 14 bis 18 Uhr: Wir wollen unser Caf\u00e9 er\u00f6ffnen. So ein Caf\u00e9, wo immer jemand da ist. Das ist uns das Wichtigste. Kaffee und Kuchen gibt es auch. Begegnung aber ist unser gr\u00f6\u00dfter Wunsch. Gemeinsam Filme sehen und Nudeln essen: [&hellip;]<\/p>\n","protected":false},"author":2,"featured_media":0,"parent":0,"menu_order":0,"comment_status":"closed","ping_status":"closed","template":"","meta":{"footnotes":""},"class_list":["post-73","page","type-page","status-publish","hentry"],"_links":{"self":[{"href":"https:\/\/genauso.uber.space\/index.php?rest_route=\/wp\/v2\/pages\/73","targetHints":{"allow":["GET"]}}],"collection":[{"href":"https:\/\/genauso.uber.space\/index.php?rest_route=\/wp\/v2\/pages"}],"about":[{"href":"https:\/\/genauso.uber.space\/index.php?rest_route=\/wp\/v2\/types\/page"}],"author":[{"embeddable":true,"href":"https:\/\/genauso.uber.space\/index.php?rest_route=\/wp\/v2\/users\/2"}],"replies":[{"embeddable":true,"href":"https:\/\/genauso.uber.space\/index.php?rest_route=%2Fwp%2Fv2%2Fcomments&post=73"}],"version-history":[{"count":26,"href":"https:\/\/genauso.uber.space\/index.php?rest_route=\/wp\/v2\/pages\/73\/revisions"}],"predecessor-version":[{"id":155,"href":"https:\/\/genauso.uber.space\/index.php?rest_route=\/wp\/v2\/pages\/73\/revisions\/155"}],"wp:attachment":[{"href":"https:\/\/genauso.uber.space\/index.php?rest_route=%2Fwp%2Fv2%2Fmedia&parent=73"}],"curies":[{"name":"wp","href":"https:\/\/api.w.org\/{rel}","templated":true}]}}